{"id":812,"date":"2025-08-11T10:57:38","date_gmt":"2025-08-11T08:57:38","guid":{"rendered":"https:\/\/oppold-system.joam-dev.de\/aktualnosci\/"},"modified":"2025-08-15T11:01:53","modified_gmt":"2025-08-15T09:01:53","slug":"aktualnosci","status":"publish","type":"page","link":"https:\/\/oppold-system.joam-dev.de\/pl\/aktualnosci\/","title":{"rendered":"Aktualno\u015bci"},"content":{"rendered":"<div class=\"wpb-content-wrapper\"><p>[vc_row css_animation=&#8221;&#8221; row_type=&#8221;row&#8221; use_row_as_full_screen_section=&#8221;no&#8221; type=&#8221;grid&#8221; angled_section=&#8221;no&#8221; text_align=&#8221;left&#8221; background_image_as_pattern=&#8221;without_pattern&#8221; padding_top=&#8221;132&#8243; padding_bottom=&#8221;37&#8243; css=&#8221;.vc_custom_1520419595263{background-image: url(http:\/\/bridge176.qodeinteractive.com\/wp-content\/uploads\/2018\/03\/about-background-1.jpg?id=187) !important;background-position: center !important;background-repeat: no-repeat !important;background-size: cover !important;}&#8221; z_index=&#8221;&#8221;][vc_column offset=&#8221;vc_col-md-5&#8243;][qode_elements_holder number_of_columns=&#8221;one_column&#8221;][qode_elements_holder_item advanced_animations=&#8221;no&#8221; item_padding=&#8221;82px 0px 0 55px&#8221; item_padding_768_1024=&#8221;20px 0px 0 0px&#8221; item_padding_480_600=&#8221;0 0 0 0&#8243; item_padding_480=&#8221;0 0 0 0&#8243;][vc_column_text css=&#8221;&#8221;]<\/p>\n<h1>Aktualno\u015bci<\/h1>\n<p>[\/vc_column_text][vc_empty_space height=&#8221;7px&#8221;][vc_column_text css=&#8221;&#8221;]<\/p>\n<h3>B\u0105d\u017a na bie\u017c\u0105co.<\/h3>\n<p>[\/vc_column_text][vc_empty_space][vc_column_text css=&#8221;&#8221;]Aktualno\u015bci z naszej firmy, prezentacje produkt\u00f3w, terminy targ\u00f3w oraz wgl\u0105d w nasz rozw\u00f3j \u2013 tutaj zawsze pozostaniesz na bie\u017c\u0105co.[\/vc_column_text][\/qode_elements_holder_item][\/qode_elements_holder][\/vc_column][vc_column offset=&#8221;vc_col-md-7&#8243;][qode_elements_holder number_of_columns=&#8221;one_column&#8221;][qode_elements_holder_item advanced_animations=&#8221;no&#8221; item_padding=&#8221;0 0 0 0&#8243; item_padding_480_600=&#8221;0 0 80px 0&#8243; item_padding_480=&#8221;0 0 80px 0&#8243;][vc_single_image image=&#8221;649&#8243; img_size=&#8221;full&#8221; css=&#8221;&#8221; qode_css_animation=&#8221;&#8221;][\/qode_elements_holder_item][\/qode_elements_holder][\/vc_column][\/vc_row][vc_row css_animation=&#8221;&#8221; row_type=&#8221;row&#8221; use_row_as_full_screen_section=&#8221;no&#8221; type=&#8221;grid&#8221; angled_section=&#8221;no&#8221; text_align=&#8221;left&#8221; background_image_as_pattern=&#8221;without_pattern&#8221; padding_top=&#8221;100&#8243; padding_bottom=&#8221;62&#8243; z_index=&#8221;2&#8243; css=&#8221;.vc_custom_1755072457321{background-color: #1a1b23 !important;background-position: center !important;background-repeat: no-repeat !important;background-size: cover !important;}&#8221; anchor=&#8221;stellenangebote&#8221;][vc_column][vc_row_inner row_type=&#8221;row&#8221; type=&#8221;full_width&#8221; text_align=&#8221;left&#8221; css_animation=&#8221;&#8221; padding_bottom=&#8221;40&#8243;][vc_column_inner offset=&#8221;vc_col-md-6&#8243;][qode_elements_holder number_of_columns=&#8221;one_column&#8221;][qode_elements_holder_item advanced_animations=&#8221;no&#8221; item_padding=&#8221;42px 193px 0 51px&#8221; item_padding_1280_1440=&#8221;6px 30px 0 51px&#8221; item_padding_768_1024=&#8221;0 0 0 0&#8243; item_padding_600_768=&#8221;6px 56px 50px 9px&#8221; item_padding_480_600=&#8221;0px 0px 50px 0px&#8221; item_padding_480=&#8221;0px 0px 50px 0px&#8221;][vc_column_text css=&#8221;&#8221;]<\/p>\n<h2><span style=\"color: #ffffff;\">Oferty pracy<\/span><\/h2>\n<p>[\/vc_column_text][vc_empty_space height=&#8221;0px&#8221;][vc_column_text css=&#8221;&#8221;]<\/p>\n<h5>Kariera z precyzj\u0105<\/h5>\n<p>[\/vc_column_text][vc_empty_space height=&#8221;38px&#8221;][vc_column_text css=&#8221;&#8221;]Do\u0142\u0105cz do czo\u0142owego producenta narz\u0119dzi wysokowydajnych do obr\u00f3bki litego drewna \u2013 czekaj\u0105 na Ciebie ekscytuj\u0105ce zadania, nowoczesne \u015brodowisko pracy oraz atrakcyjne mo\u017cliwo\u015bci rozwoju.[\/vc_column_text][\/qode_elements_holder_item][\/qode_elements_holder][\/vc_column_inner][vc_column_inner offset=&#8221;vc_col-md-6&#8243;][qode_elements_holder number_of_columns=&#8221;one_column&#8221;][qode_elements_holder_item advanced_animations=&#8221;no&#8221; item_padding=&#8221;0 49px 0 10px&#8221; item_padding_768_1024=&#8221;0 0 0 0&#8243; item_padding_600_768=&#8221;0 0 0 0&#8243; item_padding_480_600=&#8221;0 0 0 0&#8243; item_padding_480=&#8221;0 0 0 0&#8243;]\n<div class='latest_post_holder boxes two_columns one_row' >\n    <ul>\n    \n        <li class=\"clearfix\">\n            <div class=\"boxes_image\">\n                                <a itemprop=\"url\" href=\"https:\/\/oppold-system.joam-dev.de\/pl\/2025\/08\/11\/operator-obrabiarek-skrawajacych-m-k-d-technologia-frezowania-cnc\/\"><img loading=\"lazy\" decoding=\"async\" width=\"2048\" height=\"1364\" src=\"https:\/\/oppold-system.joam-dev.de\/wp-content\/uploads\/2025\/08\/istockphoto-1484463151-2048x2048-1.jpg\" class=\"attachment-full size-full wp-post-image\" alt=\"\" srcset=\"https:\/\/oppold-system.joam-dev.de\/wp-content\/uploads\/2025\/08\/istockphoto-1484463151-2048x2048-1.jpg 2048w, https:\/\/oppold-system.joam-dev.de\/wp-content\/uploads\/2025\/08\/istockphoto-1484463151-2048x2048-1-300x200.jpg 300w, https:\/\/oppold-system.joam-dev.de\/wp-content\/uploads\/2025\/08\/istockphoto-1484463151-2048x2048-1-1024x682.jpg 1024w, https:\/\/oppold-system.joam-dev.de\/wp-content\/uploads\/2025\/08\/istockphoto-1484463151-2048x2048-1-768x512.jpg 768w, https:\/\/oppold-system.joam-dev.de\/wp-content\/uploads\/2025\/08\/istockphoto-1484463151-2048x2048-1-1536x1023.jpg 1536w, https:\/\/oppold-system.joam-dev.de\/wp-content\/uploads\/2025\/08\/istockphoto-1484463151-2048x2048-1-700x466.jpg 700w\" sizes=\"auto, (max-width: 2048px) 100vw, 2048px\" \/><\/a>\n            <\/div>\n            <div class=\"latest_post\"  >\n                <div class=\"latest_post_text\">\n                    <div class=\"latest_post_inner\">\n                        <div class=\"latest_post_text_inner\">\n                            <h4 itemprop=\"name\" class=\"latest_post_title entry_title\"><a itemprop=\"url\" href=\"https:\/\/oppold-system.joam-dev.de\/pl\/2025\/08\/11\/operator-obrabiarek-skrawajacych-m-k-d-technologia-frezowania-cnc\/\">Operator obrabiarek skrawaj\u0105cych (m\/k\/d) \u2013 technologia frezowania CNC<\/a><\/h4>\n                            <p class=\"excerpt\">OPPOLD SYSTEM International GmbH nale\u017cy do wiod\u0105cych producent\u00f3w precyzyjnych na...<\/p>\n                            <span class=\"post_infos\">\n                                                                    <span class=\"date_hour_holder\">\n                                        <span itemprop=\"dateCreated\" class=\"date entry_date updated\">11 sierpnia, 2025 <meta itemprop=\"interactionCount\" content=\"UserComments: 0\"\/><\/span>\n                                    <\/span>\n                                                                                                \n                                \n                                                            <\/span>\n                        <\/div>\n                    <\/div>\n                <\/div>\n            <\/div>\n        <\/li>\n        <\/ul>\n<\/div>[\/qode_elements_holder_item][\/qode_elements_holder][\/vc_column_inner][\/vc_row_inner][\/vc_column][\/vc_row][vc_row css_animation=&#8221;&#8221; row_type=&#8221;row&#8221; use_row_as_full_screen_section=&#8221;no&#8221; type=&#8221;grid&#8221; angled_section=&#8221;no&#8221; text_align=&#8221;left&#8221; background_image_as_pattern=&#8221;without_pattern&#8221; padding_top=&#8221;89&#8243; padding_bottom=&#8221;69&#8243; css=&#8221;.vc_custom_1520422497894{background-image: url(http:\/\/bridge176.qodeinteractive.com\/wp-content\/uploads\/2018\/03\/about-background-2.jpg?id=201) !important;background-position: center !important;background-repeat: no-repeat !important;background-size: cover !important;}&#8221; z_index=&#8221;&#8221;][vc_column]\n<div class='latest_post_holder boxes four_columns five_rows' >\n    <ul>\n    \n        <li class=\"clearfix\">\n            <div class=\"boxes_image\">\n                                <a itemprop=\"url\" href=\"https:\/\/oppold-system.joam-dev.de\/pl\/2025\/08\/13\/nowa-strona-internetowa-jest-juz-dostepna-online\/\"><img loading=\"lazy\" decoding=\"async\" width=\"1400\" height=\"778\" src=\"https:\/\/oppold-system.joam-dev.de\/wp-content\/uploads\/2025\/08\/web.jpg\" class=\"attachment-full size-full wp-post-image\" alt=\"\" srcset=\"https:\/\/oppold-system.joam-dev.de\/wp-content\/uploads\/2025\/08\/web.jpg 1400w, https:\/\/oppold-system.joam-dev.de\/wp-content\/uploads\/2025\/08\/web-300x167.jpg 300w, https:\/\/oppold-system.joam-dev.de\/wp-content\/uploads\/2025\/08\/web-1024x569.jpg 1024w, https:\/\/oppold-system.joam-dev.de\/wp-content\/uploads\/2025\/08\/web-768x427.jpg 768w, https:\/\/oppold-system.joam-dev.de\/wp-content\/uploads\/2025\/08\/web-700x389.jpg 700w\" sizes=\"auto, (max-width: 1400px) 100vw, 1400px\" \/><\/a>\n            <\/div>\n            <div class=\"latest_post\"  >\n                <div class=\"latest_post_text\">\n                    <div class=\"latest_post_inner\">\n                        <div class=\"latest_post_text_inner\">\n                            <h4 itemprop=\"name\" class=\"latest_post_title entry_title\"><a itemprop=\"url\" href=\"https:\/\/oppold-system.joam-dev.de\/pl\/2025\/08\/13\/nowa-strona-internetowa-jest-juz-dostepna-online\/\">Nowa strona internetowa jest ju\u017c dost\u0119pna online<\/a><\/h4>\n                            <p class=\"excerpt\">\u015awie\u017cy wygl\u0105d, przejrzysta struktura i jeszcze wi\u0119cej informacji: nasza nowa str...<\/p>\n                            <span class=\"post_infos\">\n                                                                    <span class=\"date_hour_holder\">\n                                        <span itemprop=\"dateCreated\" class=\"date entry_date updated\">13 sierpnia, 2025 <meta itemprop=\"interactionCount\" content=\"UserComments: 0\"\/><\/span>\n                                    <\/span>\n                                                                                                \n                                \n                                                            <\/span>\n                        <\/div>\n                    <\/div>\n                <\/div>\n            <\/div>\n        <\/li>\n    \n        <li class=\"clearfix\">\n            <div class=\"boxes_image\">\n                                <a itemprop=\"url\" href=\"https:\/\/oppold-system.joam-dev.de\/pl\/2025\/08\/13\/okna-drewniane-lepszy-wybor\/\"><img loading=\"lazy\" decoding=\"async\" width=\"1400\" height=\"903\" src=\"https:\/\/oppold-system.joam-dev.de\/wp-content\/uploads\/2025\/08\/holzfenster.jpg\" class=\"attachment-full size-full wp-post-image\" alt=\"\" srcset=\"https:\/\/oppold-system.joam-dev.de\/wp-content\/uploads\/2025\/08\/holzfenster.jpg 1400w, https:\/\/oppold-system.joam-dev.de\/wp-content\/uploads\/2025\/08\/holzfenster-300x194.jpg 300w, https:\/\/oppold-system.joam-dev.de\/wp-content\/uploads\/2025\/08\/holzfenster-1024x660.jpg 1024w, https:\/\/oppold-system.joam-dev.de\/wp-content\/uploads\/2025\/08\/holzfenster-768x495.jpg 768w, https:\/\/oppold-system.joam-dev.de\/wp-content\/uploads\/2025\/08\/holzfenster-700x452.jpg 700w\" sizes=\"auto, (max-width: 1400px) 100vw, 1400px\" \/><\/a>\n            <\/div>\n            <div class=\"latest_post\"  >\n                <div class=\"latest_post_text\">\n                    <div class=\"latest_post_inner\">\n                        <div class=\"latest_post_text_inner\">\n                            <h4 itemprop=\"name\" class=\"latest_post_title entry_title\"><a itemprop=\"url\" href=\"https:\/\/oppold-system.joam-dev.de\/pl\/2025\/08\/13\/okna-drewniane-lepszy-wybor\/\">Okna drewniane \u2013 lepszy wyb\u00f3r<\/a><\/h4>\n                            <p class=\"excerpt\">Zr\u00f3wnowa\u017cone, energooszcz\u0119dne, ponadczasowo pi\u0119kne \u2013 nowy film stowarzyszenia Bu...<\/p>\n                            <span class=\"post_infos\">\n                                                                    <span class=\"date_hour_holder\">\n                                        <span itemprop=\"dateCreated\" class=\"date entry_date updated\">13 sierpnia, 2025 <meta itemprop=\"interactionCount\" content=\"UserComments: 0\"\/><\/span>\n                                    <\/span>\n                                                                                                \n                                \n                                                            <\/span>\n                        <\/div>\n                    <\/div>\n                <\/div>\n            <\/div>\n        <\/li>\n    \n        <li class=\"clearfix\">\n            <div class=\"boxes_image\">\n                                <a itemprop=\"url\" href=\"https:\/\/oppold-system.joam-dev.de\/pl\/2025\/08\/11\/operator-obrabiarek-skrawajacych-m-k-d-technologia-frezowania-cnc\/\"><img loading=\"lazy\" decoding=\"async\" width=\"2048\" height=\"1364\" src=\"https:\/\/oppold-system.joam-dev.de\/wp-content\/uploads\/2025\/08\/istockphoto-1484463151-2048x2048-1.jpg\" class=\"attachment-full size-full wp-post-image\" alt=\"\" srcset=\"https:\/\/oppold-system.joam-dev.de\/wp-content\/uploads\/2025\/08\/istockphoto-1484463151-2048x2048-1.jpg 2048w, https:\/\/oppold-system.joam-dev.de\/wp-content\/uploads\/2025\/08\/istockphoto-1484463151-2048x2048-1-300x200.jpg 300w, https:\/\/oppold-system.joam-dev.de\/wp-content\/uploads\/2025\/08\/istockphoto-1484463151-2048x2048-1-1024x682.jpg 1024w, https:\/\/oppold-system.joam-dev.de\/wp-content\/uploads\/2025\/08\/istockphoto-1484463151-2048x2048-1-768x512.jpg 768w, https:\/\/oppold-system.joam-dev.de\/wp-content\/uploads\/2025\/08\/istockphoto-1484463151-2048x2048-1-1536x1023.jpg 1536w, https:\/\/oppold-system.joam-dev.de\/wp-content\/uploads\/2025\/08\/istockphoto-1484463151-2048x2048-1-700x466.jpg 700w\" sizes=\"auto, (max-width: 2048px) 100vw, 2048px\" \/><\/a>\n            <\/div>\n            <div class=\"latest_post\"  >\n                <div class=\"latest_post_text\">\n                    <div class=\"latest_post_inner\">\n                        <div class=\"latest_post_text_inner\">\n                            <h4 itemprop=\"name\" class=\"latest_post_title entry_title\"><a itemprop=\"url\" href=\"https:\/\/oppold-system.joam-dev.de\/pl\/2025\/08\/11\/operator-obrabiarek-skrawajacych-m-k-d-technologia-frezowania-cnc\/\">Operator obrabiarek skrawaj\u0105cych (m\/k\/d) \u2013 technologia frezowania CNC<\/a><\/h4>\n                            <p class=\"excerpt\">OPPOLD SYSTEM International GmbH nale\u017cy do wiod\u0105cych producent\u00f3w precyzyjnych na...<\/p>\n                            <span class=\"post_infos\">\n                                                                    <span class=\"date_hour_holder\">\n                                        <span itemprop=\"dateCreated\" class=\"date entry_date updated\">11 sierpnia, 2025 <meta itemprop=\"interactionCount\" content=\"UserComments: 0\"\/><\/span>\n                                    <\/span>\n                                                                                                \n                                \n                                                            <\/span>\n                        <\/div>\n                    <\/div>\n                <\/div>\n            <\/div>\n        <\/li>\n        <\/ul>\n<\/div>[\/vc_column][\/vc_row]<\/p>\n<\/div>","protected":false},"excerpt":{"rendered":"<p>[vc_row css_animation=&#8221;&#8221; row_type=&#8221;row&#8221; use_row_as_full_screen_section=&#8221;no&#8221; type=&#8221;grid&#8221; angled_section=&#8221;no&#8221; text_align=&#8221;left&#8221; background_image_as_pattern=&#8221;without_pattern&#8221; padding_top=&#8221;132&#8243; padding_bottom=&#8221;37&#8243; css=&#8221;.vc_custom_1520419595263{background-image: url(http:\/\/bridge176.qodeinteractive.com\/wp-content\/uploads\/2018\/03\/about-background-1.jpg?id=187) !important;background-position: center !important;background-repeat: no-repeat !important;background-size: cover !important;}&#8221; z_index=&#8221;&#8221;][vc_column offset=&#8221;vc_col-md-5&#8243;][qode_elements_holder number_of_columns=&#8221;one_column&#8221;][qode_elements_holder_item advanced_animations=&#8221;no&#8221; item_padding=&#8221;82px 0px 0 55px&#8221; item_padding_768_1024=&#8221;20px 0px 0 0px&#8221; item_padding_480_600=&#8221;0 0 0 0&#8243; item_padding_480=&#8221;0 0 0 0&#8243;][vc_column_text css=&#8221;&#8221;] Aktualno\u015bci [\/vc_column_text][vc_empty_space height=&#8221;7px&#8221;][vc_column_text css=&#8221;&#8221;] B\u0105d\u017a&#8230;<\/p>\n","protected":false},"author":1,"featured_media":0,"parent":0,"menu_order":0,"comment_status":"closed","ping_status":"closed","template":"full_width.php","meta":{"footnotes":""},"class_list":["post-812","page","type-page","status-publish","hentry"],"_links":{"self":[{"href":"https:\/\/oppold-system.joam-dev.de\/pl\/wp-json\/wp\/v2\/pages\/812","targetHints":{"allow":["GET"]}}],"collection":[{"href":"https:\/\/oppold-system.joam-dev.de\/pl\/wp-json\/wp\/v2\/pages"}],"about":[{"href":"https:\/\/oppold-system.joam-dev.de\/pl\/wp-json\/wp\/v2\/types\/page"}],"author":[{"embeddable":true,"href":"https:\/\/oppold-system.joam-dev.de\/pl\/wp-json\/wp\/v2\/users\/1"}],"replies":[{"embeddable":true,"href":"https:\/\/oppold-system.joam-dev.de\/pl\/wp-json\/wp\/v2\/comments?post=812"}],"version-history":[{"count":3,"href":"https:\/\/oppold-system.joam-dev.de\/pl\/wp-json\/wp\/v2\/pages\/812\/revisions"}],"predecessor-version":[{"id":928,"href":"https:\/\/oppold-system.joam-dev.de\/pl\/wp-json\/wp\/v2\/pages\/812\/revisions\/928"}],"wp:attachment":[{"href":"https:\/\/oppold-system.joam-dev.de\/pl\/wp-json\/wp\/v2\/media?parent=812"}],"curies":[{"name":"wp","href":"https:\/\/api.w.org\/{rel}","templated":true}]}}