{"id":816,"date":"2018-03-07T10:34:09","date_gmt":"2018-03-07T09:34:09","guid":{"rendered":"https:\/\/oppold-system.joam-dev.de\/firma\/"},"modified":"2025-08-14T12:25:11","modified_gmt":"2025-08-14T10:25:11","slug":"firma","status":"publish","type":"page","link":"https:\/\/oppold-system.joam-dev.de\/pl\/firma\/","title":{"rendered":"Firma"},"content":{"rendered":"<div class=\"wpb-content-wrapper\"><p>[vc_row css_animation=&#8221;&#8221; row_type=&#8221;row&#8221; use_row_as_full_screen_section=&#8221;no&#8221; type=&#8221;grid&#8221; angled_section=&#8221;no&#8221; text_align=&#8221;left&#8221; background_image_as_pattern=&#8221;without_pattern&#8221; padding_top=&#8221;119&#8243; z_index=&#8221;&#8221; css=&#8221;.vc_custom_1520430983239{background-image: url(http:\/\/bridge176.qodeinteractive.com\/wp-content\/uploads\/2018\/03\/services-background-1.png?id=256) !important;background-position: center !important;background-repeat: no-repeat !important;background-size: cover !important;}&#8221;][vc_column offset=&#8221;vc_col-md-5&#8243;][qode_elements_holder number_of_columns=&#8221;one_column&#8221;][qode_elements_holder_item advanced_animations=&#8221;no&#8221; item_padding=&#8221;100px 0 0 52px&#8221; item_padding_600_768=&#8221;0px 0 0 0px&#8221; item_padding_480_600=&#8221;0px 0 50px 0px&#8221; item_padding_480=&#8221;0px 0 50px 0px&#8221;][vc_column_text css=&#8221;&#8221;]<\/p>\n<h1>Firma<\/h1>\n<p>[\/vc_column_text][vc_empty_space height=&#8221;5px&#8221;][vc_column_text css=&#8221;&#8221;]<\/p>\n<h3>Tradycja spotyka innowacje.<\/h3>\n<p>[\/vc_column_text][vc_empty_space][vc_column_text css=&#8221;&#8221;]<strong>OPPOLD SYSTEM<\/strong> oznacza najnowocze\u015bniejsz\u0105 technologi\u0119 narz\u0119dziow\u0105 w obr\u00f3bce litego drewna \u2013 wykonywan\u0105 indywidualnie, ekonomicznie i zawsze zgodnie z najnowszym stanem techniki.<br \/>\n[\/vc_column_text][\/qode_elements_holder_item][\/qode_elements_holder][\/vc_column][vc_column offset=&#8221;vc_col-md-7&#8243;][qode_elements_holder number_of_columns=&#8221;one_column&#8221;][qode_elements_holder_item advanced_animations=&#8221;no&#8221; item_padding=&#8221;0 0 0 183px&#8221; item_padding_600_768=&#8221;0px 0 0 0px&#8221; item_padding_480_600=&#8221;0px 0 0 0px&#8221; item_padding_480=&#8221;0px 0 0 0px&#8221;][vc_single_image image=&#8221;684&#8243; img_size=&#8221;full&#8221; css=&#8221;&#8221; qode_css_animation=&#8221;&#8221;][\/qode_elements_holder_item][\/qode_elements_holder][\/vc_column][\/vc_row][vc_row css_animation=&#8221;&#8221; row_type=&#8221;row&#8221; use_row_as_full_screen_section=&#8221;no&#8221; type=&#8221;grid&#8221; angled_section=&#8221;no&#8221; text_align=&#8221;left&#8221; background_image_as_pattern=&#8221;without_pattern&#8221; padding_top=&#8221;48&#8243; padding_bottom=&#8221;62&#8243; z_index=&#8221;2&#8243; css=&#8221;.vc_custom_1755154318933{background-color: #1a1b23 !important;background-position: center !important;background-repeat: no-repeat !important;background-size: cover !important;}&#8221;][vc_column][vc_row_inner row_type=&#8221;row&#8221; type=&#8221;full_width&#8221; text_align=&#8221;left&#8221; css_animation=&#8221;&#8221; padding_bottom=&#8221;40&#8243;][vc_column_inner offset=&#8221;vc_col-md-6&#8243;][qode_elements_holder number_of_columns=&#8221;one_column&#8221;][qode_elements_holder_item advanced_animations=&#8221;no&#8221; item_padding=&#8221;42px 193px 0 51px&#8221; item_padding_1280_1440=&#8221;6px 30px 0 51px&#8221; item_padding_768_1024=&#8221;0 0 0 0&#8243; item_padding_600_768=&#8221;6px 56px 50px 9px&#8221; item_padding_480_600=&#8221;0px 0px 50px 0px&#8221; item_padding_480=&#8221;0px 0px 50px 0px&#8221;][vc_column_text css=&#8221;&#8221;]<\/p>\n<h2><span style=\"color: #ffffff;\">OPPOLD SYSTEM<\/span><\/h2>\n<p>[\/vc_column_text][vc_empty_space height=&#8221;0px&#8221;][vc_column_text css=&#8221;&#8221;]<\/p>\n<h5>Technologia z wizj\u0105<\/h5>\n<p>[\/vc_column_text][vc_empty_space height=&#8221;38px&#8221;][vc_column_text css=&#8221;&#8221;]Od dziesi\u0119cioleci opracowujemy precyzyjne, elastyczne i innowacyjne systemy <strong>narz\u0119dziowe do profesjonalnej obr\u00f3bki litego drewna<\/strong>. Dzi\u0119ki \u015bcis\u0142ej wsp\u00f3\u0142pracy z klientami i producentami maszyn powstaj\u0105 rozwi\u0105zania \u0142\u0105cz\u0105ce efektywno\u015b\u0107, wszechstronno\u015b\u0107 i op\u0142acalno\u015b\u0107.<\/p>\n<p>&nbsp;<\/p>\n<p>Od indywidualnych, dopasowanych realizacji po z\u0142o\u017cone systemy CNC \u2013 nasze narz\u0119dzia s\u0105 w <strong>100% Made in Germany<\/strong> i wyznaczaj\u0105 standardy w zakresie precyzji i jako\u015bci.[\/vc_column_text][vc_empty_space height=&#8221;39px&#8221;]<a  itemprop=\"url\" href=\"\/produkte\" target=\"_self\" data-hover-background-color=\"#23242D\" data-hover-border-color=\"#23242D\" data-hover-color=\"#ffffff\" class=\"qbutton  default\" style=\"color: #ffffff; border-color: #0099FF; background-color:#0099FF;\">Zobacz produkty<\/a>[\/qode_elements_holder_item][\/qode_elements_holder][\/vc_column_inner][vc_column_inner offset=&#8221;vc_col-md-6&#8243;][qode_elements_holder number_of_columns=&#8221;one_column&#8221;][qode_elements_holder_item advanced_animations=&#8221;no&#8221; item_padding=&#8221;0 49px 0 10px&#8221; item_padding_768_1024=&#8221;0 0 0 0&#8243; item_padding_600_768=&#8221;0 0 0 0&#8243; item_padding_480_600=&#8221;0 0 0 0&#8243; item_padding_480=&#8221;0 0 0 0&#8243;][vc_gallery interval=&#8221;3&#8243; images=&#8221;604,610,643,598&#8243; img_size=&#8221;800&#215;520&#8243; onclick=&#8221;&#8221; css=&#8221;&#8221;][\/qode_elements_holder_item][\/qode_elements_holder][\/vc_column_inner][\/vc_row_inner][\/vc_column][\/vc_row][vc_row css_animation=&#8221;&#8221; row_type=&#8221;row&#8221; use_row_as_full_screen_section=&#8221;no&#8221; type=&#8221;grid&#8221; angled_section=&#8221;no&#8221; text_align=&#8221;left&#8221; background_image_as_pattern=&#8221;without_pattern&#8221; padding_top=&#8221;89&#8243; padding_bottom=&#8221;69&#8243; css=&#8221;.vc_custom_1520422497894{background-image: url(http:\/\/bridge176.qodeinteractive.com\/wp-content\/uploads\/2018\/03\/about-background-2.jpg?id=201) !important;background-position: center !important;background-repeat: no-repeat !important;background-size: cover !important;}&#8221; z_index=&#8221;&#8221;][vc_column][vc_column_text css=&#8221;&#8221;]<\/p>\n<h2>Rozw\u00f3j i konstrukcja<\/h2>\n<p>[\/vc_column_text][vc_column_text css=&#8221;&#8221;]<\/p>\n<h5>Od ponad 120 lat<\/h5>\n<p>[\/vc_column_text][qode_elements_holder number_of_columns=&#8221;three_columns&#8221;][qode_elements_holder_item vertical_alignment=&#8221;top&#8221; advanced_animations=&#8221;no&#8221; item_padding=&#8221;8% 0% 8% 0%&#8221;][vc_column_text css=&#8221;&#8221;]<\/p>\n<h4>Pomys\u0142y wybiegaj\u0105ce w przysz\u0142o\u015b\u0107<\/h4>\n<p>[\/vc_column_text][vc_empty_space height=&#8221;20px&#8221;][vc_column_text css=&#8221;&#8221;]Oko\u0142o 20% naszego zespo\u0142u pracuje wy\u0142\u0105cznie nad nowymi rozwi\u0105zaniami oraz optymalizacj\u0105 istniej\u0105cych system\u00f3w. Dzi\u0119ki sta\u0142ej wymianie do\u015bwiadcze\u0144 z klientami i producentami maszyn powstaj\u0105 rozwi\u0105zania, kt\u00f3re przesuwaj\u0105 granice technicznych mo\u017cliwo\u015bci.[\/vc_column_text][vc_empty_space height=&#8221;30px&#8221;]<div class=\"q_list circle animate_list\">\n\t<\/p>\n<ul>\n<li>Projektowanie wspomagane CAD\/CAM<\/li>\n<li>W\u0142asne opracowania, takie jak WEFIX-PSR i CUTCross<\/li>\n<li>Dostosowanie do nowych materia\u0142\u00f3w i technik obr\u00f3bki<\/li>\n<li>Ci\u0105g\u0142e doskonalenie produkt\u00f3w<\/li>\n<\/ul>\n<p><\/div>[vc_empty_space][\/qode_elements_holder_item][qode_elements_holder_item vertical_alignment=&#8221;top&#8221; advanced_animations=&#8221;no&#8221; item_padding=&#8221;8% 0% 8% 0%&#8221;][vc_column_text css=&#8221;&#8221;]<\/p>\n<h4>Precyzja w ka\u017cdym detalu<\/h4>\n<p>[\/vc_column_text][vc_empty_space height=&#8221;20px&#8221;][vc_column_text css=&#8221;&#8221;]Nasz zak\u0142ad produkcyjny w Oberkochen jest wyposa\u017cony w najnowocze\u015bniejsze centra obr\u00f3bcze CNC i dzia\u0142a zgodnie z najsurowszymi standardami jako\u015bci. Ka\u017cde narz\u0119dzie jest wytwarzane wy\u0142\u0105cznie wewn\u0119trznie \u2013 od pierwszego rysunku po ko\u0144cow\u0105 kontrol\u0119 jako\u015bci.[\/vc_column_text][vc_empty_space height=&#8221;30px&#8221;]<div class=\"q_list circle animate_list\">\n\t<\/p>\n<ul>\n<li>Produkcja z dok\u0142adno\u015bci\u0105 do \u03bcm<\/li>\n<li>Wy\u0142\u0105czne stosowanie wysokiej jako\u015bci materia\u0142\u00f3w<\/li>\n<li>Surowe testy ko\u0144cowe<\/li>\n<li>Made in Germany \u2013 od pocz\u0105tku do ko\u0144ca<\/li>\n<\/ul>\n<p><\/div>[vc_empty_space][\/qode_elements_holder_item][qode_elements_holder_item vertical_alignment=&#8221;top&#8221; advanced_animations=&#8221;no&#8221; item_padding=&#8221;8% 0% 8% 0%&#8221;][vc_column_text css=&#8221;&#8221;]<\/p>\n<h4>Wszystko z jednego \u017ar\u00f3d\u0142a<\/h4>\n<p>[\/vc_column_text][vc_empty_space height=&#8221;20px&#8221;][vc_column_text css=&#8221;&#8221;]Nasze portfolio obejmuje pe\u0142ne spektrum obr\u00f3bki litego drewna \u2013 od rozwi\u0105za\u0144 standardowych po z\u0142o\u017cone systemy narz\u0119dzi CNC. Oferujemy r\u00f3wnie\u017c kompleksowe us\u0142ugi, aby utrzyma\u0107 Pa\u0144stwa produkcj\u0119 na najwy\u017cszym poziomie.[\/vc_column_text][vc_empty_space height=&#8221;30px&#8221;]<div class=\"q_list circle animate_list\">\n\t<\/p>\n<ul>\n<li>Indywidualne doradztwo<\/li>\n<li>Profesjonalne uruchomienie<\/li>\n<li>Szybka konserwacja i ostrzenie<\/li>\n<li>Serwis cz\u0119\u015bci zamiennych i wsparcia<\/li>\n<\/ul>\n<p><\/div>[vc_empty_space][\/qode_elements_holder_item][\/qode_elements_holder][\/vc_column][\/vc_row]<\/p>\n<\/div>","protected":false},"excerpt":{"rendered":"<p>[vc_row css_animation=&#8221;&#8221; row_type=&#8221;row&#8221; use_row_as_full_screen_section=&#8221;no&#8221; type=&#8221;grid&#8221; angled_section=&#8221;no&#8221; text_align=&#8221;left&#8221; background_image_as_pattern=&#8221;without_pattern&#8221; padding_top=&#8221;119&#8243; z_index=&#8221;&#8221; css=&#8221;.vc_custom_1520430983239{background-image: url(http:\/\/bridge176.qodeinteractive.com\/wp-content\/uploads\/2018\/03\/services-background-1.png?id=256) !important;background-position: center !important;background-repeat: no-repeat !important;background-size: cover !important;}&#8221;][vc_column offset=&#8221;vc_col-md-5&#8243;][qode_elements_holder number_of_columns=&#8221;one_column&#8221;][qode_elements_holder_item advanced_animations=&#8221;no&#8221; item_padding=&#8221;100px 0 0 52px&#8221; item_padding_600_768=&#8221;0px 0 0 0px&#8221; item_padding_480_600=&#8221;0px 0 50px 0px&#8221; item_padding_480=&#8221;0px 0 50px 0px&#8221;][vc_column_text css=&#8221;&#8221;] Firma [\/vc_column_text][vc_empty_space height=&#8221;5px&#8221;][vc_column_text css=&#8221;&#8221;] Tradycja spotyka&#8230;<\/p>\n","protected":false},"author":1,"featured_media":0,"parent":0,"menu_order":0,"comment_status":"closed","ping_status":"closed","template":"full_width.php","meta":{"footnotes":""},"class_list":["post-816","page","type-page","status-publish","hentry"],"_links":{"self":[{"href":"https:\/\/oppold-system.joam-dev.de\/pl\/wp-json\/wp\/v2\/pages\/816","targetHints":{"allow":["GET"]}}],"collection":[{"href":"https:\/\/oppold-system.joam-dev.de\/pl\/wp-json\/wp\/v2\/pages"}],"about":[{"href":"https:\/\/oppold-system.joam-dev.de\/pl\/wp-json\/wp\/v2\/types\/page"}],"author":[{"embeddable":true,"href":"https:\/\/oppold-system.joam-dev.de\/pl\/wp-json\/wp\/v2\/users\/1"}],"replies":[{"embeddable":true,"href":"https:\/\/oppold-system.joam-dev.de\/pl\/wp-json\/wp\/v2\/comments?post=816"}],"version-history":[{"count":2,"href":"https:\/\/oppold-system.joam-dev.de\/pl\/wp-json\/wp\/v2\/pages\/816\/revisions"}],"predecessor-version":[{"id":826,"href":"https:\/\/oppold-system.joam-dev.de\/pl\/wp-json\/wp\/v2\/pages\/816\/revisions\/826"}],"wp:attachment":[{"href":"https:\/\/oppold-system.joam-dev.de\/pl\/wp-json\/wp\/v2\/media?parent=816"}],"curies":[{"name":"wp","href":"https:\/\/api.w.org\/{rel}","templated":true}]}}