{"id":831,"date":"2018-03-07T13:04:16","date_gmt":"2018-03-07T12:04:16","guid":{"rendered":"https:\/\/oppold-system.joam-dev.de\/kontakt\/"},"modified":"2025-08-14T12:43:59","modified_gmt":"2025-08-14T10:43:59","slug":"kontakt","status":"publish","type":"page","link":"https:\/\/oppold-system.joam-dev.de\/pl\/kontakt\/","title":{"rendered":"Kontakt"},"content":{"rendered":"<div class=\"wpb-content-wrapper\"><p>[vc_row css_animation=&#8221;&#8221; row_type=&#8221;row&#8221; use_row_as_full_screen_section=&#8221;no&#8221; type=&#8221;grid&#8221; angled_section=&#8221;no&#8221; text_align=&#8221;left&#8221; background_image_as_pattern=&#8221;without_pattern&#8221; padding_top=&#8221;119&#8243; z_index=&#8221;&#8221; css=&#8221;.vc_custom_1520430983239{background-image: url(http:\/\/bridge176.qodeinteractive.com\/wp-content\/uploads\/2018\/03\/services-background-1.png?id=256) !important;background-position: center !important;background-repeat: no-repeat !important;background-size: cover !important;}&#8221;][vc_column offset=&#8221;vc_col-md-5&#8243;][qode_elements_holder number_of_columns=&#8221;one_column&#8221;][qode_elements_holder_item advanced_animations=&#8221;no&#8221; item_padding=&#8221;100px 0 0 52px&#8221; item_padding_600_768=&#8221;0px 0 0 0px&#8221; item_padding_480_600=&#8221;0px 0 50px 0px&#8221; item_padding_480=&#8221;0px 0 50px 0px&#8221;][vc_column_text css=&#8221;&#8221;]<\/p>\n<h1>Kontakt<\/h1>\n<p>[\/vc_column_text][vc_empty_space height=&#8221;5px&#8221;][vc_column_text css=&#8221;&#8221;]<\/p>\n<h3>Jeste\u015bmy do Pa\u0144stwa dyspozycji.<\/h3>\n<p>[\/vc_column_text][vc_empty_space][vc_column_text css=&#8221;&#8221;]Niezale\u017cnie od tego, czy chodzi o zapytanie produktowe, doradztwo czy serwis \u2013 nasz zesp\u00f3\u0142 s\u0142u\u017cy Pa\u0144stwu wiedz\u0105 fachow\u0105 i do\u015bwiadczeniem. Skorzystaj z bezpo\u015bredniego kontaktu z odpowiednim specjalist\u0105 lub u\u017cyj naszego formularza kontaktowego.[\/vc_column_text][\/qode_elements_holder_item][\/qode_elements_holder][\/vc_column][vc_column offset=&#8221;vc_col-md-7&#8243;][qode_elements_holder number_of_columns=&#8221;one_column&#8221;][qode_elements_holder_item advanced_animations=&#8221;no&#8221; item_padding=&#8221;0 0 0 283px&#8221; item_padding_600_768=&#8221;0px 0 0 0px&#8221; item_padding_480_600=&#8221;0px 0 0 0px&#8221; item_padding_480=&#8221;0px 0 0 0px&#8221;][vc_single_image image=&#8221;627&#8243; img_size=&#8221;full&#8221; css=&#8221;&#8221; qode_css_animation=&#8221;&#8221;][\/qode_elements_holder_item][\/qode_elements_holder][\/vc_column][\/vc_row][vc_row css_animation=&#8221;&#8221; row_type=&#8221;row&#8221; use_row_as_full_screen_section=&#8221;no&#8221; type=&#8221;grid&#8221; angled_section=&#8221;no&#8221; text_align=&#8221;left&#8221; background_image_as_pattern=&#8221;without_pattern&#8221; padding_top=&#8221;48&#8243; padding_bottom=&#8221;56&#8243; z_index=&#8221;2&#8243; css=&#8221;.vc_custom_1755068768766{background-color: #1a1b23 !important;background-position: center !important;background-repeat: no-repeat !important;background-size: cover !important;}&#8221; anchor=&#8221;form&#8221;][vc_column][vc_row_inner row_type=&#8221;row&#8221; type=&#8221;full_width&#8221; text_align=&#8221;left&#8221; css_animation=&#8221;&#8221; padding_bottom=&#8221;50&#8243; css=&#8221;.vc_custom_1520430958213{background-color: #1a1b23 !important;}&#8221;][vc_column_inner offset=&#8221;vc_col-lg-3 vc_col-md-6&#8243;][vc_empty_space height=&#8221;47px&#8221;][vc_column_text css=&#8221;&#8221;]<\/p>\n<h2><span style=\"color: #ffffff;\">Centrala<\/span><\/h2>\n<p>[\/vc_column_text][vc_column_text css=&#8221;&#8221;]<\/p>\n<h5>Zak\u0142ad g\u0142\u00f3wny<\/h5>\n<p>[\/vc_column_text][vc_empty_space height=&#8221;12px&#8221;][vc_column_text css=&#8221;&#8221;]<strong>OPPOLD SYSTEM<\/strong> International GmbH<br \/>\nul. R\u00f6chlingstra\u00dfe 18<br \/>\n73443 Oberkochen<\/p>\n<p>&nbsp;<\/p>\n<p>Tel.: +49 7364 2920<br \/>\nFaks: +49 7364 29214<br \/>\nE-Mail: <a href=\"mailto:info@oppold-system.de\">info@oppold-system.de<\/a>[\/vc_column_text][vc_empty_space height=&#8221;30px&#8221;][\/vc_column_inner][vc_column_inner offset=&#8221;vc_col-lg-3 vc_col-md-6&#8243;][vc_empty_space height=&#8221;47px&#8221;][vc_column_text css=&#8221;&#8221;]<\/p>\n<h2><span style=\"color: #ffffff;\">Sprzeda\u017c<\/span><\/h2>\n<p>[\/vc_column_text][vc_column_text css=&#8221;&#8221;]<\/p>\n<h5>Krajowy<\/h5>\n<p>[\/vc_column_text][vc_empty_space height=&#8221;12px&#8221;][vc_column_text css=&#8221;&#8221;]<strong>Sybille Kurz<\/strong> \u2013 Tel.: +49 7364 29228<br \/>\nE-Mail: <a href=\"mailto:sybille.kurz@oppold-system.de\">sybille.kurz@oppold-system.de<\/a><\/p>\n<p>&nbsp;<\/p>\n<p><strong>Jasmin Rupp<\/strong> \u2013 Tel.: +49 7364 29221<br \/>\nE-Mail: <a href=\"mailto:jasmin.rupp@oppold-system.de\">jasmin.rupp@oppold-system.de<\/a>[\/vc_column_text][vc_empty_space height=&#8221;30px&#8221;][vc_column_text css=&#8221;&#8221;]<\/p>\n<h5>Zagraniczny<\/h5>\n<p>[\/vc_column_text][vc_empty_space height=&#8221;12px&#8221;][vc_column_text css=&#8221;&#8221;]<strong>Andrea Grupp<\/strong> \u2013 Tel.: +49 7364 29224<br \/>\nE-Mail: <a href=\"mailto:andrea.grupp@oppold-system.de\">andrea.grupp@oppold-system.de<\/a><\/p>\n<p>[\/vc_column_text][vc_empty_space height=&#8221;30px&#8221;][\/vc_column_inner][vc_column_inner offset=&#8221;vc_col-lg-6 vc_col-md-12&#8243;][vc_column_text css=&#8221;&#8221;]<\/p>\n<h4><span style=\"color: #ffffff;\">Formularz kontaktowy<\/span><\/h4>\n<p>[\/vc_column_text][vc_empty_space height=&#8221;12px&#8221;]\n<div class=\"wpcf7 no-js\" id=\"wpcf7-f244-o1\" lang=\"de-DE\" dir=\"ltr\" data-wpcf7-id=\"244\">\n<div class=\"screen-reader-response\"><p role=\"status\" aria-live=\"polite\" aria-atomic=\"true\"><\/p> <ul><\/ul><\/div>\n<form action=\"\/pl\/wp-json\/wp\/v2\/pages\/831#wpcf7-f244-o1\" method=\"post\" class=\"wpcf7-form init cf7_custom_style_1\" aria-label=\"Kontaktformular\" novalidate=\"novalidate\" data-status=\"init\">\n<fieldset class=\"hidden-fields-container\"><input type=\"hidden\" name=\"_wpcf7\" value=\"244\" \/><input type=\"hidden\" name=\"_wpcf7_version\" value=\"6.1.1\" \/><input type=\"hidden\" name=\"_wpcf7_locale\" value=\"de_DE\" \/><input type=\"hidden\" name=\"_wpcf7_unit_tag\" value=\"wpcf7-f244-o1\" \/><input type=\"hidden\" name=\"_wpcf7_container_post\" value=\"0\" \/><input type=\"hidden\" name=\"_wpcf7_posted_data_hash\" value=\"\" \/>\n<\/fieldset>\n<div class=\"two_columns_50_50 clearfix\">\n\t<div class=\"column1\">\n\t\t<div class=\"column_inner\">\n\t\t\t<p><span class=\"wpcf7-form-control-wrap\" data-name=\"kontakt\"><input size=\"40\" maxlength=\"400\" class=\"wpcf7-form-control wpcf7-text wpcf7-validates-as-required\" aria-required=\"true\" aria-invalid=\"false\" placeholder=\"Vorname, Name *\" value=\"\" type=\"text\" name=\"kontakt\" \/><\/span>\n\t\t\t<\/p>\n\t\t\t<div>\n\t\t\t\t<p><span class=\"wpcf7-form-control-wrap\" data-name=\"telefon\"><input size=\"40\" maxlength=\"400\" class=\"wpcf7-form-control wpcf7-text\" aria-invalid=\"false\" placeholder=\"Telefon\" value=\"\" type=\"text\" name=\"telefon\" \/><\/span>\n\t\t\t\t<\/p>\n\t\t\t<\/div>\n\t\t<\/div>\n\t<\/div>\n\t<div class=\"column2\">\n\t\t<div class=\"column_inner\">\n\t\t\t<p><span class=\"wpcf7-form-control-wrap\" data-name=\"email\"><input size=\"40\" maxlength=\"400\" class=\"wpcf7-form-control wpcf7-email wpcf7-validates-as-required wpcf7-text wpcf7-validates-as-email\" aria-required=\"true\" aria-invalid=\"false\" placeholder=\"E-Mail *\" value=\"\" type=\"email\" name=\"email\" \/><\/span>\n\t\t\t<\/p>\n\t\t\t<div>\n\t\t\t\t<p><span class=\"wpcf7-form-control-wrap\" data-name=\"firma\"><input size=\"40\" maxlength=\"400\" class=\"wpcf7-form-control wpcf7-text\" aria-invalid=\"false\" placeholder=\"Homepage (Firmenname)\" value=\"\" type=\"text\" name=\"firma\" \/><\/span>\n\t\t\t\t<\/p>\n\t\t\t<\/div>\n\t\t<\/div>\n\t<\/div>\n<\/div>\n<div>\n\t<p><span class=\"wpcf7-form-control-wrap\" data-name=\"message\"><textarea cols=\"40\" rows=\"10\" maxlength=\"2000\" class=\"wpcf7-form-control wpcf7-textarea wpcf7-validates-as-required\" aria-required=\"true\" aria-invalid=\"false\" placeholder=\"Nachricht *\" name=\"message\"><\/textarea><\/span>\n\t<\/p>\n<\/div>\n<div class=\"sub\">\n\t<p><i><span class=\"wpcf7-form-control-wrap\" data-name=\"einwilligung\"><span class=\"wpcf7-form-control wpcf7-checkbox wpcf7-validates-as-required\"><span class=\"wpcf7-list-item first last\"><input type=\"checkbox\" name=\"einwilligung[]\" value=\"Ich stimme zu, dass meine Angaben aus dem Kontaktformular zur Beantwortung meiner Anfrage erhoben und verarbeitet werden. Die Einwilligung kann jederzeit f\u00fcr die Zukunft per E-Mail an info@oppold-system.de widerrufen werden.\" \/><span class=\"wpcf7-list-item-label\">Ich stimme zu, dass meine Angaben aus dem Kontaktformular zur Beantwortung meiner Anfrage erhoben und verarbeitet werden. Die Einwilligung kann jederzeit f\u00fcr die Zukunft per E-Mail an info@oppold-system.de widerrufen werden.<\/span><\/span><\/span><\/span><\/i>\n\t<\/p>\n<\/div>\n<div>\n\t<p>Detaillierte Informationen zum Umgang mit Nutzerdaten finden Sie in unserer <a href=\"\/datenschutzerklaerung\">Datenschutzerkl\u00e4rung<\/a>.\n\t<\/p>\n<\/div>\n<div>\n\t<p><input class=\"wpcf7-form-control wpcf7-submit has-spinner\" type=\"submit\" value=\"Absenden\" \/>\n\t<\/p>\n<\/div><div class=\"wpcf7-response-output\" aria-hidden=\"true\"><\/div>\n<\/form>\n<\/div>\n[\/vc_column_inner][\/vc_row_inner][vc_separator type=&#8221;normal&#8221; color=&#8221;#272833&#8243; thickness=&#8221;1&#8243; up=&#8221;80&#8243; down=&#8221;80&#8243;][vc_row_inner row_type=&#8221;row&#8221; type=&#8221;full_width&#8221; text_align=&#8221;left&#8221; css_animation=&#8221;&#8221; anchor=&#8221;fachberatung&#8221;][vc_column_inner][vc_column_text css=&#8221;&#8221;]<\/p>\n<h2><span style=\"color: #ffffff;\">Doradztwo specjalistyczne<\/span><\/h2>\n<p>[\/vc_column_text][vc_column_text css=&#8221;&#8221;]<\/p>\n<h5>Kraj \/ Zagranica<\/h5>\n<p>[\/vc_column_text][vc_empty_space height=&#8221;47px&#8221;][\/vc_column_inner][\/vc_row_inner][vc_row_inner row_type=&#8221;row&#8221; type=&#8221;full_width&#8221; text_align=&#8221;left&#8221; css_animation=&#8221;&#8221; padding_bottom=&#8221;50&#8243;][vc_column_inner width=&#8221;1\/4&#8243;][vc_column_text css=&#8221;&#8221;]<\/p>\n<h4><span style=\"color: #ffffff;\">Niemcy P\u00f3\u0142noc \/ Zach\u00f3d<\/span><\/h4>\n<p>[\/vc_column_text][vc_empty_space height=&#8221;12px&#8221;][vc_column_text css=&#8221;&#8221;]<strong>Joachim Anton<\/strong><br \/>\nul. Normandiestra\u00dfe 33<br \/>\n31542 Bad Nenndorf<\/p>\n<p>&nbsp;<\/p>\n<p>Tel.: +49 5723 799757<br \/>\nFaks: +49 5723 799749<br \/>\nKom\u00f3rka: +49 163 3329211<br \/>\nE-mail: <a href=\"mailto:joachim.anton@oppold-system.de\">joachim.anton@oppold-system.de<\/a>[\/vc_column_text][vc_empty_space height=&#8221;30px&#8221;][\/vc_column_inner][vc_column_inner width=&#8221;1\/4&#8243;][vc_column_text css=&#8221;&#8221;]<\/p>\n<h4><span style=\"color: #ffffff;\">Niemcy P\u00f3\u0142noc \/ Wsch\u00f3d<\/span><\/h4>\n<p>[\/vc_column_text][vc_empty_space height=&#8221;12px&#8221;][vc_column_text css=&#8221;&#8221;]<strong>J\u00f6rg Skock<\/strong><br \/>\nul. Am L\u00f6schteich 6<br \/>\n39164 Wanzleben-B\u00f6rde<\/p>\n<p>&nbsp;<\/p>\n<p>Tel.: +49 39293 50852<br \/>\nFaks: +49 39293 50014<br \/>\nKom\u00f3rka: +49 163 3329219<br \/>\nE-mail: <a href=\"mailto:joerg.skock@oppold-system.de\">joerg.skock@oppold-system.de<\/a>[\/vc_column_text][vc_empty_space height=&#8221;30px&#8221;][\/vc_column_inner][vc_column_inner width=&#8221;1\/4&#8243;][vc_column_text css=&#8221;&#8221;]<\/p>\n<h4><span style=\"color: #ffffff;\">Niemcy Po\u0142udnie \/ Zach\u00f3d<\/span><\/h4>\n<p>[\/vc_column_text][vc_empty_space height=&#8221;12px&#8221;][vc_column_text css=&#8221;&#8221;]<strong>Thomas Purschke<\/strong><br \/>\nul. Rembrandtstr. 18<br \/>\n73433 Aalen-Wasseralfingen <\/p>\n<p>&nbsp;<\/p>\n<p>Tel.: +49 7361 740464<br \/>\nFaks: +49 7364 29214<br \/>\nKom\u00f3rka: +49 163 3329216<br \/>\nE-mail: <a href=\"mailto:thomas.purschke@oppold-system.de\">thomas.purschke@oppold-system.de<\/a>[\/vc_column_text][vc_empty_space height=&#8221;30px&#8221;][\/vc_column_inner][vc_column_inner width=&#8221;1\/4&#8243;][vc_column_text css=&#8221;&#8221;]<\/p>\n<h4><span style=\"color: #ffffff;\">Niemcy Po\u0142udnie \/ Wsch\u00f3d<\/span><\/h4>\n<p>[\/vc_column_text][vc_empty_space height=&#8221;12px&#8221;][vc_column_text css=&#8221;&#8221;]<strong>Robert Munz<\/strong><br \/>\nul. Augsburger Strasse 39<br \/>\n87700 Memmingen<\/p>\n<p>&nbsp;<\/p>\n<p>Tel.: +49 8331 6908117<br \/>\nFaks: +49 8337 6908118<br \/>\nKom\u00f3rka: +49 160 5355416<br \/>\nE-mail: <a href=\"mailto:robert.munz@oppold-system.de\">robert.munz@oppold-system.de<\/a>[\/vc_column_text][vc_empty_space height=&#8221;30px&#8221;][\/vc_column_inner][\/vc_row_inner][vc_row_inner row_type=&#8221;row&#8221; type=&#8221;full_width&#8221; text_align=&#8221;left&#8221; css_animation=&#8221;&#8221; padding_bottom=&#8221;80&#8243;][vc_column_inner width=&#8221;1\/4&#8243;][vc_column_text css=&#8221;&#8221;]<\/p>\n<h4><span style=\"color: #ffffff;\">Polska<\/span><\/h4>\n<p>[\/vc_column_text][vc_empty_space height=&#8221;12px&#8221;][vc_column_text css=&#8221;&#8221;]<strong>Krzysztof Jaworski<\/strong><br \/>\nul. Frelichowskiego 6\/36<br \/>\nPL-87-140 Chelmza <\/p>\n<p>&nbsp;<\/p>\n<p>Tel.: +48 566755 146<br \/>\nFaks: +48 566755 146<br \/>\nKom\u00f3rka: +48 502 085347<br \/>\nE-mail: <a href=\"mailto:krisjaw.1971@wp.pl\">krisjaw.1971@wp.pl<\/a>[\/vc_column_text][vc_empty_space height=&#8221;30px&#8221;][\/vc_column_inner][vc_column_inner width=&#8221;1\/4&#8243;][vc_column_text css=&#8221;&#8221;]<\/p>\n<h4><span style=\"color: #ffffff;\">Niderlandy<\/span><\/h4>\n<p>[\/vc_column_text][vc_empty_space height=&#8221;12px&#8221;][vc_column_text css=&#8221;&#8221;]<strong>Kees Budding<\/strong><br \/>\nul. Hogeweg 239C<br \/>\nNL-3816 BS Amersfoort<\/p>\n<p>&nbsp;<\/p>\n<p>Kom\u00f3rka: +31 6 30850795<br \/>\nE-mail: <a href=\"mailto:oppoldnederland@live.nl\">oppoldnederland@live.nl<\/a>[\/vc_column_text][vc_empty_space height=&#8221;30px&#8221;][\/vc_column_inner][vc_column_inner width=&#8221;1\/4&#8243;][\/vc_column_inner][vc_column_inner width=&#8221;1\/4&#8243;][\/vc_column_inner][\/vc_row_inner][\/vc_column][\/vc_row][vc_row css_animation=&#8221;&#8221; row_type=&#8221;row&#8221; use_row_as_full_screen_section=&#8221;no&#8221; type=&#8221;full_width&#8221; angled_section=&#8221;no&#8221; text_align=&#8221;left&#8221; background_image_as_pattern=&#8221;without_pattern&#8221;][vc_column][vc_goo_maps location=&#8221;OPPOLD SYSTEM International GmbH R\u00f6chlingstr. 18 73447 Oberkochen&#8221; height=&#8221;650&#8243; zoom=&#8221;16&#8243; css=&#8221;&#8221;][\/vc_column][\/vc_row]<\/p>\n<\/div>","protected":false},"excerpt":{"rendered":"<p>[vc_row css_animation=&#8221;&#8221; row_type=&#8221;row&#8221; use_row_as_full_screen_section=&#8221;no&#8221; type=&#8221;grid&#8221; angled_section=&#8221;no&#8221; text_align=&#8221;left&#8221; background_image_as_pattern=&#8221;without_pattern&#8221; padding_top=&#8221;119&#8243; z_index=&#8221;&#8221; css=&#8221;.vc_custom_1520430983239{background-image: url(http:\/\/bridge176.qodeinteractive.com\/wp-content\/uploads\/2018\/03\/services-background-1.png?id=256) !important;background-position: center !important;background-repeat: no-repeat !important;background-size: cover !important;}&#8221;][vc_column offset=&#8221;vc_col-md-5&#8243;][qode_elements_holder number_of_columns=&#8221;one_column&#8221;][qode_elements_holder_item advanced_animations=&#8221;no&#8221; item_padding=&#8221;100px 0 0 52px&#8221; item_padding_600_768=&#8221;0px 0 0 0px&#8221; item_padding_480_600=&#8221;0px 0 50px 0px&#8221; item_padding_480=&#8221;0px 0 50px 0px&#8221;][vc_column_text css=&#8221;&#8221;] Kontakt [\/vc_column_text][vc_empty_space height=&#8221;5px&#8221;][vc_column_text css=&#8221;&#8221;] Jeste\u015bmy do&#8230;<\/p>\n","protected":false},"author":1,"featured_media":0,"parent":0,"menu_order":0,"comment_status":"closed","ping_status":"closed","template":"full_width.php","meta":{"footnotes":""},"class_list":["post-831","page","type-page","status-publish","hentry"],"_links":{"self":[{"href":"https:\/\/oppold-system.joam-dev.de\/pl\/wp-json\/wp\/v2\/pages\/831","targetHints":{"allow":["GET"]}}],"collection":[{"href":"https:\/\/oppold-system.joam-dev.de\/pl\/wp-json\/wp\/v2\/pages"}],"about":[{"href":"https:\/\/oppold-system.joam-dev.de\/pl\/wp-json\/wp\/v2\/types\/page"}],"author":[{"embeddable":true,"href":"https:\/\/oppold-system.joam-dev.de\/pl\/wp-json\/wp\/v2\/users\/1"}],"replies":[{"embeddable":true,"href":"https:\/\/oppold-system.joam-dev.de\/pl\/wp-json\/wp\/v2\/comments?post=831"}],"version-history":[{"count":2,"href":"https:\/\/oppold-system.joam-dev.de\/pl\/wp-json\/wp\/v2\/pages\/831\/revisions"}],"predecessor-version":[{"id":836,"href":"https:\/\/oppold-system.joam-dev.de\/pl\/wp-json\/wp\/v2\/pages\/831\/revisions\/836"}],"wp:attachment":[{"href":"https:\/\/oppold-system.joam-dev.de\/pl\/wp-json\/wp\/v2\/media?parent=831"}],"curies":[{"name":"wp","href":"https:\/\/api.w.org\/{rel}","templated":true}]}}