{"id":837,"date":"2025-08-08T13:41:57","date_gmt":"2025-08-08T11:41:57","guid":{"rendered":"https:\/\/oppold-system.joam-dev.de\/nota-prawna\/"},"modified":"2025-08-14T12:49:39","modified_gmt":"2025-08-14T10:49:39","slug":"nota-prawna","status":"publish","type":"page","link":"https:\/\/oppold-system.joam-dev.de\/pl\/nota-prawna\/","title":{"rendered":"Nota prawna"},"content":{"rendered":"<div class=\"wpb-content-wrapper\"><p>[vc_row css_animation=&#8221;&#8221; row_type=&#8221;row&#8221; use_row_as_full_screen_section=&#8221;no&#8221; type=&#8221;full_width&#8221; angled_section=&#8221;no&#8221; text_align=&#8221;left&#8221; background_image_as_pattern=&#8221;without_pattern&#8221; z_index=&#8221;&#8221; padding_top=&#8221;80&#8243; padding_bottom=&#8221;150&#8243;][vc_column][vc_column_text css=&#8221;&#8221;]<\/p>\n<h1>Nota prawna<\/h1>\n<p>&nbsp;<\/p>\n<p><span class=\"ff2 fc0 fs10 \"><strong>OPPOLD SYSTEM INTERNATIONAL<\/strong> GmbH<br \/>\nNarz\u0119dzia maszynowe do obr\u00f3bki litego drewna<\/span><br \/>\n<span class=\"ff2 fc0 fs10 \">ul. R\u00f6chlingstrasse 18<\/span><br \/>\n<span class=\"ff2 fc0 fs10 \">73447 Oberkochen<\/span><\/p>\n<p>&nbsp;<\/p>\n<p>Rejestr handlowy: HRB <span class=\"ff2 fc0 fs10 \">501469<\/span><br \/>\nS\u0105d rejestrowy: S\u0105d Rejonowy w Ulm<\/p>\n<p>&nbsp;<\/p>\n<p><strong>Reprezentowana przez:<\/strong><br \/>\n<span class=\"ff2 fc0 fs10 \">Christian Schulz<\/span><\/p>\n<p>&nbsp;<\/p>\n<h2>Kontakt<\/h2>\n<p>Telefon: <span class=\"ff2 fc0 fs10 \">+49 7364 <\/span><span class=\"ff2 fc0 fs10 \">2920<\/span><br \/>\nTelefaks: <span class=\"ff2 fc0 fs10 \">+49 7364 <\/span><span class=\"ff2 fc0 fs10 \">29214<\/span><br \/>\nE-mail:   <a href=\"mailto:info@oppold-system.de\"><span class=\"ff2 fc0 fs10 \"> info@oppold-system.de<\/span><\/a><\/p>\n<p>&nbsp;<\/p>\n<h2>Numer identyfikacji podatkowej (VAT)<\/h2>\n<p>Numer identyfikacji podatkowej zgodnie z \u00a7 27 a niemieckiej ustawy o podatku VAT:<br \/>\n<span class=\"ff2 fc0 fs10 \">DE813483681<\/span><\/p>\n<p>&nbsp;<\/p>\n<h2>Rozstrzyganie spor\u00f3w konsumenckich \/ Uniwersalna komisja pojednawcza<\/h2>\n<p>Nie jeste\u015bmy gotowi ani zobowi\u0105zani do udzia\u0142u w post\u0119powaniach w sprawie rozstrzygania spor\u00f3w przed komisj\u0105 pojednawcz\u0105 dla konsument\u00f3w.<\/p>\n<p>[\/vc_column_text][\/vc_column][\/vc_row]<\/p>\n<\/div>","protected":false},"excerpt":{"rendered":"<p>[vc_row css_animation=&#8221;&#8221; row_type=&#8221;row&#8221; use_row_as_full_screen_section=&#8221;no&#8221; type=&#8221;full_width&#8221; angled_section=&#8221;no&#8221; text_align=&#8221;left&#8221; background_image_as_pattern=&#8221;without_pattern&#8221; z_index=&#8221;&#8221; padding_top=&#8221;80&#8243; padding_bottom=&#8221;150&#8243;][vc_column][vc_column_text css=&#8221;&#8221;] Nota prawna &nbsp; OPPOLD SYSTEM INTERNATIONAL GmbH Narz\u0119dzia maszynowe do obr\u00f3bki litego drewna ul. R\u00f6chlingstrasse 18 73447 Oberkochen &nbsp; Rejestr handlowy: HRB 501469 S\u0105d rejestrowy: S\u0105d Rejonowy w Ulm &nbsp; Reprezentowana przez: Christian&#8230;<\/p>\n","protected":false},"author":1,"featured_media":0,"parent":0,"menu_order":0,"comment_status":"closed","ping_status":"closed","template":"","meta":{"footnotes":""},"class_list":["post-837","page","type-page","status-publish","hentry"],"_links":{"self":[{"href":"https:\/\/oppold-system.joam-dev.de\/pl\/wp-json\/wp\/v2\/pages\/837","targetHints":{"allow":["GET"]}}],"collection":[{"href":"https:\/\/oppold-system.joam-dev.de\/pl\/wp-json\/wp\/v2\/pages"}],"about":[{"href":"https:\/\/oppold-system.joam-dev.de\/pl\/wp-json\/wp\/v2\/types\/page"}],"author":[{"embeddable":true,"href":"https:\/\/oppold-system.joam-dev.de\/pl\/wp-json\/wp\/v2\/users\/1"}],"replies":[{"embeddable":true,"href":"https:\/\/oppold-system.joam-dev.de\/pl\/wp-json\/wp\/v2\/comments?post=837"}],"version-history":[{"count":2,"href":"https:\/\/oppold-system.joam-dev.de\/pl\/wp-json\/wp\/v2\/pages\/837\/revisions"}],"predecessor-version":[{"id":839,"href":"https:\/\/oppold-system.joam-dev.de\/pl\/wp-json\/wp\/v2\/pages\/837\/revisions\/839"}],"wp:attachment":[{"href":"https:\/\/oppold-system.joam-dev.de\/pl\/wp-json\/wp\/v2\/media?parent=837"}],"curies":[{"name":"wp","href":"https:\/\/api.w.org\/{rel}","templated":true}]}}