{"id":894,"date":"2025-08-08T13:59:05","date_gmt":"2025-08-08T11:59:05","guid":{"rendered":"https:\/\/oppold-system.joam-dev.de\/ogolne-warunki-handlowe\/"},"modified":"2025-08-15T08:29:21","modified_gmt":"2025-08-15T06:29:21","slug":"ogolne-warunki-handlowe","status":"publish","type":"page","link":"https:\/\/oppold-system.joam-dev.de\/pl\/ogolne-warunki-handlowe\/","title":{"rendered":"Og\u00f3lne warunki handlowe"},"content":{"rendered":"<div class=\"wpb-content-wrapper\"><p>[vc_row css_animation=&#8221;&#8221; row_type=&#8221;row&#8221; use_row_as_full_screen_section=&#8221;no&#8221; type=&#8221;full_width&#8221; angled_section=&#8221;no&#8221; text_align=&#8221;left&#8221; background_image_as_pattern=&#8221;without_pattern&#8221; z_index=&#8221;&#8221; padding_top=&#8221;80&#8243; padding_bottom=&#8221;150&#8243;][vc_column][vc_column_text css=&#8221;&#8221;]<\/p>\n<h1>Og\u00f3lne warunki handlowe<\/h1>\n<p>&nbsp;<\/p>\n<h2>1. Postanowienia og\u00f3lne, zawarcie umowy<\/h2>\n<ol>\n<li>Wszystkie oferty i umowy zawierane z przedsi\u0119biorcami lub osobami prawnymi prawa publicznego opieraj\u0105 si\u0119 na poni\u017cszych warunkach umownych. Odmienne warunki zakupu zamawiaj\u0105cego nie staj\u0105 si\u0119 cz\u0119\u015bci\u0105 umowy, nawet w przypadku przyj\u0119cia zam\u00f3wienia. Umowa zostaje zawarta z chwil\u0105 pisemnego potwierdzenia zam\u00f3wienia.  <\/li>\n<li>Oferty s\u0105 niewi\u0105\u017c\u0105ce, o ile z tre\u015bci oferty nie wynika wyra\u017anie ograniczenie czasowe jej obowi\u0105zywania.<\/li>\n<li>Zastrzegamy sobie prawa w\u0142asno\u015bci i prawa autorskie do pr\u00f3bek, ofert, kosztorys\u00f3w, rysunk\u00f3w itp., a tak\u017ce do informacji w formie materialnej i niematerialnej, r\u00f3wnie\u017c w formie elektronicznej; nie mog\u0105 by\u0107 one udost\u0119pniane osobom trzecim bez naszej wyra\u017anej zgody i podlegaj\u0105 zwrotowi na nasze \u017c\u0105danie.<\/li>\n<li>Potwierdzenie zam\u00f3wienia nast\u0119puje w oparciu o aktualnie dost\u0119pne dane techniczne. Wymiary i tolerancje s\u0105 zgodne z obowi\u0105zuj\u0105cymi w danym czasie normami, a w pozosta\u0142ym zakresie z przyj\u0119tymi w handlu standardami oraz aktualnym stanem techniki i stanowi\u0105 specyfikacje, a nie gwarancje. <\/li>\n<li>Zmiany danych technicznych po zawarciu umowy wymagaj\u0105 naszej zgody, mog\u0105 wyd\u0142u\u017cy\u0107 termin dostawy i s\u0105 dokonywane na koszt zamawiaj\u0105cego. O wysoko\u015bci koszt\u00f3w podlegaj\u0105cych fakturowaniu decyduje zakres oraz nak\u0142ad pracy zwi\u0105zany z ich realizacj\u0105. <\/li>\n<li>Opakowania nie podlegaj\u0105 zwrotowi.<\/li>\n<\/ol>\n<p>&nbsp;<\/p>\n<h2>2. Ceny i p\u0142atno\u015b\u0107<\/h2>\n<ol>\n<li>Ceny podane s\u0105 na warunkach EXW z zak\u0142adu w Oberkochen, bez opakowania, bez ubezpieczenia, bez oclenia. W przypadku zam\u00f3wie\u0144 krajowych doliczany jest obowi\u0105zuj\u0105cy podatek VAT. <\/li>\n<li>Prawo do wstrzymania p\u0142atno\u015bci lub dokonania potr\u0105cenia z wierzytelno\u015bciami wzajemnymi, jak r\u00f3wnie\u017c dokonywania jakichkolwiek potr\u0105ce\u0144, przys\u0142uguje zamawiaj\u0105cemu wy\u0142\u0105cznie w przypadku, gdy jego wierzytelno\u015bci wzajemne s\u0105 bezsporne lub prawomocnie stwierdzone.<\/li>\n<li>Wszystkie kwoty z faktur s\u0105 \u2013 o ile nie uzgodniono inaczej na pi\u015bmie \u2013 p\u0142atne w terminie 14 dni od daty wystawienia faktury, bez \u017cadnych potr\u0105ce\u0144.<\/li>\n<li>Dostawa do nieznanych zamawiaj\u0105cych realizowana jest wy\u0142\u0105cznie za przedp\u0142at\u0105.<\/li>\n<li>Ka\u017cda dostawa cz\u0119\u015bciowa jest traktowana jako odr\u0119bna transakcja i podlega osobnej zap\u0142acie.<\/li>\n<\/ol>\n<p>&nbsp;<\/p>\n<h2>3. Termin dostawy<\/h2>\n<ol>\n<li>Termin dostawy wynika z ustale\u0144 mi\u0119dzy stronami umowy. Jego dotrzymanie z naszej strony wymaga, aby wszystkie kwestie handlowe i techniczne zosta\u0142y wyja\u015bnione, a zamawiaj\u0105cy spe\u0142ni\u0142 wszystkie ci\u0105\u017c\u0105ce na nim zobowi\u0105zania. W przeciwnym razie termin dostawy ulega odpowiedniemu wyd\u0142u\u017ceniu.  <\/li>\n<li>Dotrzymanie terminu dostawy uzale\u017cnione jest od prawid\u0142owych i terminowych dostaw realizowanych na nasz\u0105 rzecz.<\/li>\n<li>Termin dostawy uwa\u017ca si\u0119 za dotrzymany, je\u017celi przed jego up\u0142ywem przedmiot dostawy opu\u015bci\u0142 nasz zak\u0142ad lub zg\u0142oszono gotowo\u015b\u0107 do wysy\u0142ki.<\/li>\n<li>Je\u017celi niedotrzymanie terminu dostawy wynika z si\u0142y wy\u017cszej lub innych zdarze\u0144 pozostaj\u0105cych poza naszym wp\u0142ywem, termin dostawy ulega odpowiedniemu wyd\u0142u\u017ceniu.<\/li>\n<li>Je\u017celi nie uzgodniono inaczej na pi\u015bmie, dopuszcza si\u0119 r\u00f3wnie\u017c dostawy cz\u0119\u015bciowe. Dostawy cz\u0119\u015bciowe mog\u0105 by\u0107 ka\u017cdorazowo rozliczane jako odr\u0119bne dostawy. Ze wzgl\u0119du na warunki produkcyjne dopuszcza si\u0119 odpowiedni zakres nadwy\u017cek lub niedobor\u00f3w w dostawie, kt\u00f3re zostan\u0105 uwzgl\u0119dnione przy wystawianiu faktury.   <\/li>\n<li>Je\u017celi zamawiaj\u0105cy wyznaczy nam po up\u0142ywie terminu wymagalno\u015bci odpowiedni dodatkowy termin na realizacj\u0119 dostawy, a termin ten nie zostanie dotrzymany, zamawiaj\u0105cy ma prawo \u2013 w ramach obowi\u0105zuj\u0105cych przepis\u00f3w \u2013 odst\u0105pi\u0107 od umowy. Dalsze roszczenia z tytu\u0142u op\u00f3\u017anienia w dostawie okre\u015bla wy\u0142\u0105cznie punkt 7.2 niniejszych warunk\u00f3w.  <\/li>\n<\/ol>\n<p>&nbsp;<\/p>\n<h2>4. Przeniesienie ryzyka<\/h2>\n<p>Ryzyko przechodzi na zamawiaj\u0105cego z chwil\u0105, gdy przedmiot dostawy opu\u015bci\u0142 zak\u0142ad lub gdy zg\u0142oszono gotowo\u015b\u0107 do wysy\u0142ki. Dotyczy to r\u00f3wnie\u017c sytuacji, gdy realizowane s\u0105 dostawy cz\u0119\u015bciowe lub gdy przej\u0119li\u015bmy inne \u015bwiadczenia, takie jak koszty wysy\u0142ki, dostaw\u0119 czy uruchomienie. <\/p>\n<p>&nbsp;<\/p>\n<h2>5. Zastrze\u017cenie prawa w\u0142asno\u015bci<\/h2>\n<ol>\n<li>Zastrzegamy sobie prawo w\u0142asno\u015bci przedmiotu dostawy a\u017c do momentu otrzymania wszystkich p\u0142atno\u015bci wynikaj\u0105cych z umowy dostawy.<\/li>\n<li>Zamawiaj\u0105cy nie mo\u017ce zbywa\u0107, zastawia\u0107 ani przenosi\u0107 w\u0142asno\u015bci przedmiotu dostawy w celu zabezpieczenia wierzytelno\u015bci. Wyj\u0105tkiem s\u0105 dealerzy \u2013 w ich przypadku obowi\u0105zuje rozszerzone zastrze\u017cenie prawa w\u0142asno\u015bci. W przypadku zaj\u0119cia, konfiskaty lub innych rozporz\u0105dze\u0144 dokonanych przez osoby trzecie, zamawiaj\u0105cy jest zobowi\u0105zany niezw\u0142ocznie nas o tym poinformowa\u0107.  <\/li>\n<li>W przypadku naruszenia umowy przez zamawiaj\u0105cego, w szczeg\u00f3lno\u015bci w razie op\u00f3\u017anienia w p\u0142atno\u015bci, jeste\u015bmy uprawnieni \u2013 po uprzednim wezwaniu \u2013 do odebrania przedmiotu dostawy, a zamawiaj\u0105cy jest zobowi\u0105zany do jego wydania. Dochodzenie roszcze\u0144 z tytu\u0142u zastrze\u017cenia prawa w\u0142asno\u015bci oraz zaj\u0119cie przedmiotu dostawy przez nas nie s\u0105 r\u00f3wnoznaczne z odst\u0105pieniem od umowy. Z\u0142o\u017cenie wniosku o wszcz\u0119cie post\u0119powania upad\u0142o\u015bciowego przez zamawiaj\u0105cego uprawnia nas do odst\u0105pienia od umowy i \u017c\u0105dania natychmiastowego zwrotu przedmiotu dostawy.  <\/li>\n<\/ol>\n<p>&nbsp;<\/p>\n<h2>6. Roszczenia z tytu\u0142u wad<\/h2>\n<ol>\n<li>W odniesieniu do wad fizycznych dostawy udzielamy \u2013 z wy\u0142\u0105czeniem dalszych roszcze\u0144, z zastrze\u017ceniem punktu 7 \u2013 gwarancji w nast\u0119puj\u0105cy spos\u00f3b:<br \/>\nWszystkie te cz\u0119\u015bci, kt\u00f3re wskutek okoliczno\u015bci istniej\u0105cych przed przej\u015bciem ryzyka oka\u017c\u0105 si\u0119 wadliwe, zostan\u0105 wed\u0142ug naszego wyboru nieodp\u0142atnie naprawione lub wymienione na nowe. Stwierdzenie takich wad nale\u017cy nam niezw\u0142ocznie zg\u0142osi\u0107 na pi\u015bmie. Wymienione cz\u0119\u015bci staj\u0105 si\u0119 nasz\u0105 w\u0142asno\u015bci\u0105.  <\/li>\n<li>W celu dokonania wszystkich poprawek i dostaw zast\u0119pczych, kt\u00f3re uznamy za konieczne, zamawiaj\u0105cy jest zobowi\u0105zany zapewni\u0107 nam niezb\u0119dny czas i mo\u017cliwo\u015b\u0107 ich wykonania, w przeciwnym razie jeste\u015bmy zwolnieni z odpowiedzialno\u015bci za wynikaj\u0105ce z tego konsekwencje.<\/li>\n<li>Je\u017celi wyst\u0119puje jedynie nieistotna wada, zamawiaj\u0105cemu przys\u0142uguje wy\u0142\u0105cznie prawo do obni\u017cenia ceny zakupu. W pozosta\u0142ych przypadkach prawo do obni\u017cenia ceny sprzeda\u017cy jest wy\u0142\u0105czone. <\/li>\n<li>Gwarancja nie jest udzielana w szczeg\u00f3lno\u015bci w nast\u0119puj\u0105cych przypadkach: niew\u0142a\u015bciwe lub nieodpowiednie u\u017cytkowanie, b\u0142\u0119dne uruchomienie przez zamawiaj\u0105cego lub osoby trzecie, naturalne zu\u017cycie, niew\u0142a\u015bciwe lub niedba\u0142e obchodzenie si\u0119, nieprawid\u0142owa konserwacja, u\u017cycie nieodpowiednich \u015brodk\u00f3w eksploatacyjnych lub monta\u017c innych ni\u017c oryginalne cz\u0119\u015bci zamienne OPPOLD.<br \/>Je\u017celi zamawiaj\u0105cy lub osoba trzecia dokona nieprawid\u0142owej naprawy, nie ponosimy odpowiedzialno\u015bci za wynikaj\u0105ce z tego konsekwencje. To samo dotyczy zmian w przedmiocie dostawy dokonanych bez naszej zgody.  <\/li>\n<\/ol>\n<p>&nbsp;<\/p>\n<h2>7. Odpowiedzialno\u015b\u0107<\/h2>\n<ol>\n<li>Je\u017celi przedmiot dostawy z powodu naszego zawinienia, wynikaj\u0105cego z naruszenia zobowi\u0105za\u0144 umownych, nie mo\u017ce by\u0107 u\u017cywany przez zamawiaj\u0105cego zgodnie z umow\u0105, w\u00f3wczas \u2013 z wy\u0142\u0105czeniem dalszych roszcze\u0144 zamawiaj\u0105cego \u2013 stosuje si\u0119 odpowiednio postanowienia punkt\u00f3w 6 i 7.2.<\/li>\n<li>Za szkody, kt\u00f3re nie powsta\u0142y na samym przedmiocie dostawy, ponosimy odpowiedzialno\u015b\u0107 \u2013 niezale\u017cnie od podstawy prawnej \u2013 wy\u0142\u0105cznie w przypadku umy\u015blnego dzia\u0142ania, ra\u017c\u0105cego niedbalstwa ze strony organ\u00f3w sp\u00f3\u0142ki lub kadry kierowniczej, w przypadku zawinionego naruszenia \u017cycia, zdrowia lub integralno\u015bci cielesnej, w przypadku wad, kt\u00f3re zosta\u0142y podst\u0119pnie zatajone lub co do braku kt\u00f3rych udzielili\u015bmy gwarancji, a tak\u017ce w przypadku wad przedmiotu dostawy, w zakresie, w jakim odpowiedzialno\u015b\u0107 za szkody osobowe i rzeczowe w prywatnie u\u017cytkowanych przedmiotach przewiduje ustawa o odpowiedzialno\u015bci za produkt.<br \/>\nW przypadku zawinionego naruszenia istotnych zobowi\u0105za\u0144 umownych ponosimy odpowiedzialno\u015b\u0107 r\u00f3wnie\u017c za ra\u017c\u0105ce niedbalstwo pracownik\u00f3w nieb\u0119d\u0105cych kadr\u0105 kierownicz\u0105 oraz za lekkie niedbalstwo, przy czym w tym ostatnim przypadku odpowiedzialno\u015b\u0107 jest ograniczona do typowych dla umowy, daj\u0105cych si\u0119 w rozs\u0105dny spos\u00f3b przewidzie\u0107 szk\u00f3d. Dalsze roszczenia s\u0105 wykluczone. <\/li>\n<\/ol>\n<p>&nbsp;<\/p>\n<h2>8. Przedawnienie, prawo w\u0142a\u015bciwe, w\u0142a\u015bciwo\u015b\u0107 s\u0105du<\/h2>\n<p>Wszystkie roszczenia zamawiaj\u0105cego, niezale\u017cnie od ich podstawy prawnej, ulegaj\u0105 przedawnieniu po up\u0142ywie 12 miesi\u0119cy od przej\u015bcia ryzyka, przy czym dotyczy to u\u017cytkowania w trybie jednozmianowym. W przypadku dzia\u0142ania umy\u015blnego, roszcze\u0144 wynikaj\u0105cych z ustawy o odpowiedzialno\u015bci za produkt, z tytu\u0142u braku udzielonych gwarancji oraz w razie zawinionego naruszenia \u017cycia, zdrowia lub integralno\u015bci cielesnej obowi\u0105zuj\u0105 ustawowe terminy przedawnienia. <\/p>\n<p>&nbsp;<\/p>\n<p>Do wszystkich stosunk\u00f3w prawnych mi\u0119dzy nami a zamawiaj\u0105cym stosuje si\u0119 wy\u0142\u0105cznie prawo Republiki Federalnej Niemiec, w\u0142a\u015bciwe dla stosunk\u00f3w prawnych mi\u0119dzy stronami krajowymi. S\u0105dem w\u0142a\u015bciwym jest s\u0105d w\u0142a\u015bciwy dla naszej siedziby. Jeste\u015bmy jednak uprawnieni do wniesienia pow\u00f3dztwa w s\u0105dzie w\u0142a\u015bciwym dla siedziby zamawiaj\u0105cego.  [\/vc_column_text][\/vc_column][\/vc_row]<\/p>\n<\/div>","protected":false},"excerpt":{"rendered":"<p>[vc_row css_animation=&#8221;&#8221; row_type=&#8221;row&#8221; use_row_as_full_screen_section=&#8221;no&#8221; type=&#8221;full_width&#8221; angled_section=&#8221;no&#8221; text_align=&#8221;left&#8221; background_image_as_pattern=&#8221;without_pattern&#8221; z_index=&#8221;&#8221; padding_top=&#8221;80&#8243; padding_bottom=&#8221;150&#8243;][vc_column][vc_column_text css=&#8221;&#8221;] Og\u00f3lne warunki handlowe &nbsp; 1. Postanowienia og\u00f3lne, zawarcie umowy Wszystkie oferty i umowy zawierane z przedsi\u0119biorcami lub osobami prawnymi prawa publicznego opieraj\u0105 si\u0119 na poni\u017cszych warunkach umownych. Odmienne warunki zakupu zamawiaj\u0105cego nie staj\u0105&#8230;<\/p>\n","protected":false},"author":1,"featured_media":0,"parent":0,"menu_order":0,"comment_status":"closed","ping_status":"closed","template":"","meta":{"footnotes":""},"class_list":["post-894","page","type-page","status-publish","hentry"],"_links":{"self":[{"href":"https:\/\/oppold-system.joam-dev.de\/pl\/wp-json\/wp\/v2\/pages\/894","targetHints":{"allow":["GET"]}}],"collection":[{"href":"https:\/\/oppold-system.joam-dev.de\/pl\/wp-json\/wp\/v2\/pages"}],"about":[{"href":"https:\/\/oppold-system.joam-dev.de\/pl\/wp-json\/wp\/v2\/types\/page"}],"author":[{"embeddable":true,"href":"https:\/\/oppold-system.joam-dev.de\/pl\/wp-json\/wp\/v2\/users\/1"}],"replies":[{"embeddable":true,"href":"https:\/\/oppold-system.joam-dev.de\/pl\/wp-json\/wp\/v2\/comments?post=894"}],"version-history":[{"count":2,"href":"https:\/\/oppold-system.joam-dev.de\/pl\/wp-json\/wp\/v2\/pages\/894\/revisions"}],"predecessor-version":[{"id":896,"href":"https:\/\/oppold-system.joam-dev.de\/pl\/wp-json\/wp\/v2\/pages\/894\/revisions\/896"}],"wp:attachment":[{"href":"https:\/\/oppold-system.joam-dev.de\/pl\/wp-json\/wp\/v2\/media?parent=894"}],"curies":[{"name":"wp","href":"https:\/\/api.w.org\/{rel}","templated":true}]}}